{"id":646,"date":"2022-07-10T09:51:41","date_gmt":"2022-07-10T07:51:41","guid":{"rendered":"https:\/\/teqtoniq.webspatz.ch\/?page_id=646"},"modified":"2022-09-05T16:58:28","modified_gmt":"2022-09-05T14:58:28","slug":"impressum","status":"publish","type":"page","link":"https:\/\/www.teqtoniq.ch\/de\/impressum\/","title":{"rendered":"Impressum"},"content":{"rendered":"\t\t<div data-elementor-type=\"wp-page\" data-elementor-id=\"646\" class=\"elementor elementor-646\" data-elementor-post-type=\"page\">\n\t\t\t\t\t\t<section class=\"elementor-section elementor-top-section elementor-element elementor-element-73726ac elementor-section-full_width elementor-section-content-top elementor-section-height-default elementor-section-height-default\" data-id=\"73726ac\" data-element_type=\"section\" data-e-type=\"section\">\n\t\t\t\t\t\t<div class=\"elementor-container elementor-column-gap-default\">\n\t\t\t\t\t<div class=\"elementor-column elementor-col-100 elementor-top-column elementor-element elementor-element-5a82444\" data-id=\"5a82444\" data-element_type=\"column\" data-e-type=\"column\">\n\t\t\t<div class=\"elementor-widget-wrap elementor-element-populated\">\n\t\t\t\t\t\t<section class=\"elementor-section elementor-inner-section elementor-element elementor-element-6c497ec elementor-section-boxed elementor-section-height-default elementor-section-height-default\" data-id=\"6c497ec\" data-element_type=\"section\" data-e-type=\"section\">\n\t\t\t\t\t\t<div class=\"elementor-container elementor-column-gap-default\">\n\t\t\t\t\t<div class=\"elementor-column elementor-col-100 elementor-inner-column elementor-element elementor-element-1244dc4\" data-id=\"1244dc4\" data-element_type=\"column\" data-e-type=\"column\">\n\t\t\t<div class=\"elementor-widget-wrap elementor-element-populated\">\n\t\t\t\t\t\t<div class=\"elementor-element elementor-element-366647fc elementor-widget elementor-widget-heading\" data-id=\"366647fc\" data-element_type=\"widget\" data-e-type=\"widget\" data-widget_type=\"heading.default\">\n\t\t\t\t<div class=\"elementor-widget-container\">\n\t\t\t\t\t<h2 class=\"elementor-heading-title elementor-size-default\">Impressum<\/h2>\t\t\t\t<\/div>\n\t\t\t\t<\/div>\n\t\t\t\t<div class=\"elementor-element elementor-element-6bdd57c linktext elementor-widget elementor-widget-text-editor\" data-id=\"6bdd57c\" data-element_type=\"widget\" data-e-type=\"widget\" data-widget_type=\"text-editor.default\">\n\t\t\t\t<div class=\"elementor-widget-container\">\n\t\t\t\t\t\t\t\t\t<p><strong>Verantwortlich f\u00fcr alle Inhalte dieser Webseite:<\/strong><\/p><p>Teqtoniq GmbH<br \/>Ebenaustrasse 20<br \/>CH \u2013 6048 Horw<\/p><p><a href=\"mailto:info@teqtoniq.ch\">info@teqtoniq.ch\u00a0<\/a>\u00a0\u00a0\u00a0\u00a0\u00a0<\/p><p><strong>Corporate Design<\/strong><\/p><div class=\"fusion-text fusion-text-3 h-text--big\"><p><span class=\"contact-address--bold\">NEOPROP AG<\/span><br \/>Lagerstrasse 11<br \/>CH-8910 Affoltern a.A.<\/p><\/div><div class=\"fusion-text fusion-text-4 h-text--big\"><p>T\u00a0<a href=\"tel:+41447614151\">+41 (0)44 761 41 51<\/a><br \/><span id=\"eeb-724443-115115\"><a href=\"mailto:info@neoprop.ch\">info@neoprop.ch<\/a><br \/><a href=\"https:\/\/neoprop.ch\" target=\"_blank\" rel=\"noopener\">www.neoprop.ch<\/a><\/span><\/p><\/div><p><strong>Umsetzung Webdesign &amp; SEO Suchmaschinenoptimierung<\/strong><\/p><p>WEBSPATZ WEBDESIGN GmbH<br \/>Am Wasser 159<br \/>8049 Z\u00fcrich<\/p><p>+41 44 557 95 40<br \/><a href=\"mailto:info@webspatz.ch\">info@webspatz.ch<\/a><br \/><a href=\"https:\/\/webspatz.ch\" target=\"_blank\" rel=\"noopener\">www.webspatz.ch<\/a><\/p><p><strong>Haftungsausschluss<\/strong><\/p><p>Der Autor \u00fcbernimmt keinerlei Gew\u00e4hr hinsichtlich der inhaltlichen Richtigkeit, Genauigkeit, Aktualit\u00e4t, Zuverl\u00e4ssigkeit und Vollst\u00e4ndigkeit der Informationen. Haftungsanspr\u00fcche gegen den Autor wegen Sch\u00e4den materieller oder immaterieller Art, welche aus dem Zugriff oder der Nutzung bzw. Nichtnutzung der ver\u00f6ffentlichten Informationen, durch Missbrauch der Verbindung oder durch technische St\u00f6rungen entstanden sind, werden ausgeschlossen. Alle Angebote sind unverbindlich. Der Autor beh\u00e4lt es sich ausdr\u00fccklich vor, Teile der Seiten oder das gesamte Angebot ohne gesonderte Ank\u00fcndigung zu ver\u00e4ndern, zu erg\u00e4nzen, zu l\u00f6schen oder die Ver\u00f6ffentlichung zeitweise oder endg\u00fcltig einzustellen.<\/p><p><strong>Haftung f\u00fcr Links<\/strong><\/p><p>Verweise und Links auf Webseiten Dritter liegen ausserhalb unseres Verantwortungsbereichs. Es wird jegliche Verantwortung f\u00fcr solche Webseiten abgelehnt. Der Zugriff und die Nutzung solcher Webseiten erfolgen auf eigene Gefahr des Nutzers oder der Nutzerin.<\/p><p><strong>Urheberrechte<\/strong><\/p><p>Die Urheber- und alle anderen Rechte an Inhalten, Bildern, Fotos oder anderen Dateien auf der Website geh\u00f6ren ausschliesslich dem Autor oder den speziell genannten Rechtsinhabern. F\u00fcr die Reproduktion jeglicher Elemente ist die schriftliche Zustimmung der Urheberrechtstr\u00e4ger im Voraus einzuholen.<\/p>\t\t\t\t\t\t\t\t<\/div>\n\t\t\t\t<\/div>\n\t\t\t\t\t<\/div>\n\t\t<\/div>\n\t\t\t\t\t<\/div>\n\t\t<\/section>\n\t\t\t\t\t<\/div>\n\t\t<\/div>\n\t\t\t\t\t<\/div>\n\t\t<\/section>\n\t\t\t\t<\/div>\n\t\t","protected":false},"excerpt":{"rendered":"<p>Impressum Verantwortlich f\u00fcr alle Inhalte dieser Webseite: Teqtoniq GmbHEbenaustrasse 20CH \u2013 6048 Horw info@teqtoniq.ch\u00a0\u00a0\u00a0\u00a0\u00a0\u00a0 Corporate Design NEOPROP AGLagerstrasse 11CH-8910 Affoltern a.A. T\u00a0+41 (0)44 761 41 51info@neoprop.chwww.neoprop.ch Umsetzung Webdesign &amp; SEO Suchmaschinenoptimierung WEBSPATZ WEBDESIGN GmbHAm Wasser 1598049 Z\u00fcrich +41 44 557 95 40info@webspatz.chwww.webspatz.ch Haftungsausschluss Der Autor \u00fcbernimmt keinerlei Gew\u00e4hr hinsichtlich der inhaltlichen Richtigkeit, Genauigkeit, Aktualit\u00e4t, Zuverl\u00e4ssigkeit [&hellip;]<\/p>\n","protected":false},"author":1,"featured_media":0,"parent":0,"menu_order":0,"comment_status":"closed","ping_status":"closed","template":"","meta":{"site-sidebar-layout":"no-sidebar","site-content-layout":"page-builder","ast-site-content-layout":"default","site-content-style":"default","site-sidebar-style":"default","ast-global-header-display":"","ast-banner-title-visibility":"","ast-main-header-display":"","ast-hfb-above-header-display":"","ast-hfb-below-header-display":"","ast-hfb-mobile-header-display":"","site-post-title":"disabled","ast-breadcrumbs-content":"","ast-featured-img":"disabled","footer-sml-layout":"","ast-disable-related-posts":"","theme-transparent-header-meta":"","adv-header-id-meta":"","stick-header-meta":"","header-above-stick-meta":"","header-main-stick-meta":"","header-below-stick-meta":"","astra-migrate-meta-layouts":"default","ast-page-background-enabled":"default","ast-page-background-meta":{"desktop":{"background-color":"var(--ast-global-color-4)","background-image":"","background-repeat":"repeat","background-position":"center center","background-size":"auto","background-attachment":"scroll","background-type":"","background-media":"","overlay-type":"","overlay-color":"","overlay-opacity":"","overlay-gradient":""},"tablet":{"background-color":"","background-image":"","background-repeat":"repeat","background-position":"center center","background-size":"auto","background-attachment":"scroll","background-type":"","background-media":"","overlay-type":"","overlay-color":"","overlay-opacity":"","overlay-gradient":""},"mobile":{"background-color":"","background-image":"","background-repeat":"repeat","background-position":"center center","background-size":"auto","background-attachment":"scroll","background-type":"","background-media":"","overlay-type":"","overlay-color":"","overlay-opacity":"","overlay-gradient":""}},"ast-content-background-meta":{"desktop":{"background-color":"var(--ast-global-color-5)","background-image":"","background-repeat":"repeat","background-position":"center center","background-size":"auto","background-attachment":"scroll","background-type":"","background-media":"","overlay-type":"","overlay-color":"","overlay-opacity":"","overlay-gradient":""},"tablet":{"background-color":"var(--ast-global-color-5)","background-image":"","background-repeat":"repeat","background-position":"center center","background-size":"auto","background-attachment":"scroll","background-type":"","background-media":"","overlay-type":"","overlay-color":"","overlay-opacity":"","overlay-gradient":""},"mobile":{"background-color":"var(--ast-global-color-5)","background-image":"","background-repeat":"repeat","background-position":"center center","background-size":"auto","background-attachment":"scroll","background-type":"","background-media":"","overlay-type":"","overlay-color":"","overlay-opacity":"","overlay-gradient":""}},"footnotes":""},"class_list":["post-646","page","type-page","status-publish","hentry"],"_links":{"self":[{"href":"https:\/\/www.teqtoniq.ch\/de\/wp-json\/wp\/v2\/pages\/646","targetHints":{"allow":["GET"]}}],"collection":[{"href":"https:\/\/www.teqtoniq.ch\/de\/wp-json\/wp\/v2\/pages"}],"about":[{"href":"https:\/\/www.teqtoniq.ch\/de\/wp-json\/wp\/v2\/types\/page"}],"author":[{"embeddable":true,"href":"https:\/\/www.teqtoniq.ch\/de\/wp-json\/wp\/v2\/users\/1"}],"replies":[{"embeddable":true,"href":"https:\/\/www.teqtoniq.ch\/de\/wp-json\/wp\/v2\/comments?post=646"}],"version-history":[{"count":14,"href":"https:\/\/www.teqtoniq.ch\/de\/wp-json\/wp\/v2\/pages\/646\/revisions"}],"predecessor-version":[{"id":1612,"href":"https:\/\/www.teqtoniq.ch\/de\/wp-json\/wp\/v2\/pages\/646\/revisions\/1612"}],"wp:attachment":[{"href":"https:\/\/www.teqtoniq.ch\/de\/wp-json\/wp\/v2\/media?parent=646"}],"curies":[{"name":"wp","href":"https:\/\/api.w.org\/{rel}","templated":true}]}}