{"id":547,"date":"2022-07-09T21:27:40","date_gmt":"2022-07-09T19:27:40","guid":{"rendered":"https:\/\/teqtoniq.webspatz.ch\/?page_id=547"},"modified":"2022-08-26T18:39:16","modified_gmt":"2022-08-26T16:39:16","slug":"technologie","status":"publish","type":"page","link":"https:\/\/www.teqtoniq.ch\/de\/technologie\/","title":{"rendered":"Technologie"},"content":{"rendered":"\t\t<div data-elementor-type=\"wp-page\" data-elementor-id=\"547\" class=\"elementor elementor-547\" data-elementor-post-type=\"page\">\n\t\t\t\t\t\t<section class=\"elementor-section elementor-top-section elementor-element elementor-element-73726ac elementor-section-full_width elementor-section-content-top elementor-section-height-default elementor-section-height-default\" data-id=\"73726ac\" data-element_type=\"section\" data-e-type=\"section\">\n\t\t\t\t\t\t<div class=\"elementor-container elementor-column-gap-default\">\n\t\t\t\t\t<div class=\"elementor-column elementor-col-50 elementor-top-column elementor-element elementor-element-2cfba86\" data-id=\"2cfba86\" data-element_type=\"column\" data-e-type=\"column\" data-settings=\"{&quot;background_background&quot;:&quot;classic&quot;}\">\n\t\t\t<div class=\"elementor-widget-wrap elementor-element-populated\">\n\t\t\t\t\t\t<div class=\"elementor-element elementor-element-59889094 elementor--h-position-center elementor--v-position-middle elementor-arrows-position-inside elementor-widget elementor-widget-slides\" data-id=\"59889094\" data-element_type=\"widget\" data-e-type=\"widget\" data-settings=\"{&quot;navigation&quot;:&quot;arrows&quot;,&quot;transition_speed&quot;:300,&quot;autoplay&quot;:&quot;yes&quot;,&quot;pause_on_interaction&quot;:&quot;yes&quot;,&quot;autoplay_speed&quot;:5000,&quot;infinite&quot;:&quot;yes&quot;,&quot;transition&quot;:&quot;slide&quot;}\" data-widget_type=\"slides.default\">\n\t\t\t\t<div class=\"elementor-widget-container\">\n\t\t\t\t\t\t\t\t\t<div class=\"elementor-swiper\">\n\t\t\t\t\t<div class=\"elementor-slides-wrapper elementor-main-swiper swiper\" role=\"region\" aria-roledescription=\"carousel\" aria-label=\"Slider\" dir=\"ltr\" data-animation=\"\">\n\t\t\t\t<div class=\"swiper-wrapper elementor-slides\">\n\t\t\t\t\t\t\t\t\t\t<div class=\"elementor-repeater-item-82f3ea3 swiper-slide\" role=\"group\" aria-roledescription=\"slide\"><div class=\"swiper-slide-bg\" role=\"img\" aria-label=\"191220_Fotoshooting_Teqtoniq_154\"><\/div><div class=\"swiper-slide-inner\" ><div class=\"swiper-slide-contents\"><\/div><\/div><\/div>\t\t\t\t<\/div>\n\t\t\t\t\t\t\t<\/div>\n\t\t\t\t<\/div>\n\t\t\t\t\t\t\t\t<\/div>\n\t\t\t\t<\/div>\n\t\t\t\t\t<\/div>\n\t\t<\/div>\n\t\t\t\t<div class=\"elementor-column elementor-col-50 elementor-top-column elementor-element elementor-element-5a82444\" data-id=\"5a82444\" data-element_type=\"column\" data-e-type=\"column\">\n\t\t\t<div class=\"elementor-widget-wrap elementor-element-populated\">\n\t\t\t\t\t\t<section class=\"elementor-section elementor-inner-section elementor-element elementor-element-6c497ec elementor-section-boxed elementor-section-height-default elementor-section-height-default\" data-id=\"6c497ec\" data-element_type=\"section\" data-e-type=\"section\">\n\t\t\t\t\t\t<div class=\"elementor-container elementor-column-gap-default\">\n\t\t\t\t\t<div class=\"elementor-column elementor-col-100 elementor-inner-column elementor-element elementor-element-1244dc4\" data-id=\"1244dc4\" data-element_type=\"column\" data-e-type=\"column\">\n\t\t\t<div class=\"elementor-widget-wrap elementor-element-populated\">\n\t\t\t\t\t\t<div class=\"elementor-element elementor-element-366647fc elementor-widget elementor-widget-heading\" data-id=\"366647fc\" data-element_type=\"widget\" data-e-type=\"widget\" data-widget_type=\"heading.default\">\n\t\t\t\t<div class=\"elementor-widget-container\">\n\t\t\t\t\t<h2 class=\"elementor-heading-title elementor-size-default\">Technologie<\/h2>\t\t\t\t<\/div>\n\t\t\t\t<\/div>\n\t\t\t\t<div class=\"elementor-element elementor-element-6bdd57c elementor-widget elementor-widget-text-editor\" data-id=\"6bdd57c\" data-element_type=\"widget\" data-e-type=\"widget\" data-widget_type=\"text-editor.default\">\n\t\t\t\t<div class=\"elementor-widget-container\">\n\t\t\t\t\t\t\t\t\t<p>Die Entwicklung von hocheffizienten Produkten und Systemen zur signifikanten Reduzierung des Energieverbrauchs und der CO2-Emissionen ist eine der gr\u00f6ssten Herausforderungen dieses Jahrhunderts. Das Heizen und K\u00fchlen von Geb\u00e4uden ben\u00f6tigt grosse Energiemengen und Experten sind sich einig, dass bei Klimak\u00e4lteanlagen und W\u00e4rmepumpen f\u00fcr die Geb\u00e4udek\u00fchlung und -heizung erhebliches Effizienzsteigerungspotenzial vorhanden ist.<\/p>\t\t\t\t\t\t\t\t<\/div>\n\t\t\t\t<\/div>\n\t\t\t\t<div class=\"elementor-element elementor-element-3389174 elementor-widget elementor-widget-text-editor\" data-id=\"3389174\" data-element_type=\"widget\" data-e-type=\"widget\" data-widget_type=\"text-editor.default\">\n\t\t\t\t<div class=\"elementor-widget-container\">\n\t\t\t\t\t\t\t\t\t<p>[Quelle: B. Wellig, B. Kegel, M. Meier: Verdoppelung der Jahresarbeitszahl von Klimak\u00e4lteanla-gen durch die Ausn\u00fctzung eines kleinen Temperaturhubes, Bundesamt f\u00fcr Energie BFE, 2006]<\/p>\t\t\t\t\t\t\t\t<\/div>\n\t\t\t\t<\/div>\n\t\t\t\t\t<\/div>\n\t\t<\/div>\n\t\t\t\t\t<\/div>\n\t\t<\/section>\n\t\t\t\t\t<\/div>\n\t\t<\/div>\n\t\t\t\t\t<\/div>\n\t\t<\/section>\n\t\t\t\t<section class=\"elementor-section elementor-top-section elementor-element elementor-element-1bd6e625 elementor-section-boxed elementor-section-height-default elementor-section-height-default\" data-id=\"1bd6e625\" data-element_type=\"section\" data-e-type=\"section\">\n\t\t\t\t\t\t<div class=\"elementor-container elementor-column-gap-default\">\n\t\t\t\t\t<div class=\"elementor-column elementor-col-100 elementor-top-column elementor-element elementor-element-29889c02\" data-id=\"29889c02\" data-element_type=\"column\" data-e-type=\"column\" data-settings=\"{&quot;background_background&quot;:&quot;classic&quot;}\">\n\t\t\t<div class=\"elementor-widget-wrap elementor-element-populated\">\n\t\t\t\t\t\t<div class=\"elementor-element elementor-element-5aa3c3a elementor-widget elementor-widget-text-editor\" data-id=\"5aa3c3a\" data-element_type=\"widget\" data-e-type=\"widget\" data-widget_type=\"text-editor.default\">\n\t\t\t\t<div class=\"elementor-widget-container\">\n\t\t\t\t\t\t\t\t\t<p>Die Leistungszahlen Energy Efficiency Ratio (EER) einer K\u00e4lteanlage und Coefficient of Performance (COP) einer W\u00e4rmepumpe sind stark vom inneren Temperaturhub abh\u00e4ngig. Bei Kompressions-K\u00e4lteanlagen und -W\u00e4rmepumpen entspricht der innere Temperaturhub der Differenz zwischen Verdampfungs- und Kondensationstemperatur. F\u00fcr moderne Geb\u00e4udetechniksysteme sind Temperaturh\u00fcbe zwischen 10 K und 30 K ganzj\u00e4hrig ausreichend.<\/p><p>W\u00e4rmepumpen und Klimak\u00e4lteanlagen werden oftmals nur wenige Tage oder gar Stunden im Jahr unter Volllast betrieben. Die Jahresarbeitszahlen sind folglich stark von Teillastwirkungsgraden abh\u00e4ngig. Mit Turbokompressoren sind hohe Verdichtungswirkungsgrade bei kleinen Druckverh\u00e4ltnissen im Volllast- und auch im Teillastbetrieb m\u00f6glich. Demzufolge eignen sich Turbokompressoren gut f\u00fcr Geb\u00e4udeheiz- und Geb\u00e4udek\u00fchlanwendungen, insbesondere mit kleinen Temperaturh\u00fcben. Die mit Turbokompressoren m\u00f6glichen Jahresarbeitszahlen k\u00f6nnen signifikant h\u00f6her ausfallen als mit anderen Kompressoren.<\/p>\t\t\t\t\t\t\t\t<\/div>\n\t\t\t\t<\/div>\n\t\t\t\t<div class=\"elementor-element elementor-element-48abd954 elementor-widget elementor-widget-heading\" data-id=\"48abd954\" data-element_type=\"widget\" data-e-type=\"widget\" data-widget_type=\"heading.default\">\n\t\t\t\t<div class=\"elementor-widget-container\">\n\t\t\t\t\t<h2 class=\"elementor-heading-title elementor-size-default\">Stand der Technik<\/h2>\t\t\t\t<\/div>\n\t\t\t\t<\/div>\n\t\t\t\t<div class=\"elementor-element elementor-element-342c085 elementor-widget elementor-widget-text-editor\" data-id=\"342c085\" data-element_type=\"widget\" data-e-type=\"widget\" data-widget_type=\"text-editor.default\">\n\t\t\t\t<div class=\"elementor-widget-container\">\n\t\t\t\t\t\t\t\t\t<p>Der Einsatz von Turbokompressoren in Kompressions-K\u00e4lteanlagen und -W\u00e4rmepumpen hat seinen Ursprung im Jahr 1922 <em>[Quelle: National Museum of American History, \u201cCarrier Centrifugal Refrigeration Compressor.\u201d <\/em><em>[Online]. Available: http:\/\/americanhistory.si.edu\/collections\/search\/object\/nmah_846092. <\/em><em>[Accessed: 23-Aug-2018]], <\/em>als der erste Radialturbokompressor f\u00fcr diese Anwendungen vorgestellt wurde. Heute sind Turbokompressoren vor allem in gr\u00f6sseren Anlagen mit bis zu mehreren Megawatt K\u00e4lte- bzw. Heizleistung weit verbreitet.<\/p>\t\t\t\t\t\t\t\t<\/div>\n\t\t\t\t<\/div>\n\t\t\t\t\t<\/div>\n\t\t<\/div>\n\t\t\t\t\t<\/div>\n\t\t<\/section>\n\t\t\t\t<\/div>\n\t\t","protected":false},"excerpt":{"rendered":"<p>Technologie Die Entwicklung von hocheffizienten Produkten und Systemen zur signifikanten Reduzierung des Energieverbrauchs und der CO2-Emissionen ist eine der gr\u00f6ssten Herausforderungen dieses Jahrhunderts. Das Heizen und K\u00fchlen von Geb\u00e4uden ben\u00f6tigt grosse Energiemengen und Experten sind sich einig, dass bei Klimak\u00e4lteanlagen und W\u00e4rmepumpen f\u00fcr die Geb\u00e4udek\u00fchlung und -heizung erhebliches Effizienzsteigerungspotenzial vorhanden ist. [Quelle: B. Wellig, B. [&hellip;]<\/p>\n","protected":false},"author":1,"featured_media":0,"parent":0,"menu_order":0,"comment_status":"closed","ping_status":"closed","template":"","meta":{"site-sidebar-layout":"no-sidebar","site-content-layout":"page-builder","ast-site-content-layout":"default","site-content-style":"default","site-sidebar-style":"default","ast-global-header-display":"","ast-banner-title-visibility":"","ast-main-header-display":"","ast-hfb-above-header-display":"","ast-hfb-below-header-display":"","ast-hfb-mobile-header-display":"","site-post-title":"disabled","ast-breadcrumbs-content":"","ast-featured-img":"disabled","footer-sml-layout":"","ast-disable-related-posts":"","theme-transparent-header-meta":"","adv-header-id-meta":"","stick-header-meta":"","header-above-stick-meta":"","header-main-stick-meta":"","header-below-stick-meta":"","astra-migrate-meta-layouts":"default","ast-page-background-enabled":"default","ast-page-background-meta":{"desktop":{"background-color":"var(--ast-global-color-4)","background-image":"","background-repeat":"repeat","background-position":"center center","background-size":"auto","background-attachment":"scroll","background-type":"","background-media":"","overlay-type":"","overlay-color":"","overlay-opacity":"","overlay-gradient":""},"tablet":{"background-color":"","background-image":"","background-repeat":"repeat","background-position":"center center","background-size":"auto","background-attachment":"scroll","background-type":"","background-media":"","overlay-type":"","overlay-color":"","overlay-opacity":"","overlay-gradient":""},"mobile":{"background-color":"","background-image":"","background-repeat":"repeat","background-position":"center center","background-size":"auto","background-attachment":"scroll","background-type":"","background-media":"","overlay-type":"","overlay-color":"","overlay-opacity":"","overlay-gradient":""}},"ast-content-background-meta":{"desktop":{"background-color":"var(--ast-global-color-5)","background-image":"","background-repeat":"repeat","background-position":"center center","background-size":"auto","background-attachment":"scroll","background-type":"","background-media":"","overlay-type":"","overlay-color":"","overlay-opacity":"","overlay-gradient":""},"tablet":{"background-color":"var(--ast-global-color-5)","background-image":"","background-repeat":"repeat","background-position":"center center","background-size":"auto","background-attachment":"scroll","background-type":"","background-media":"","overlay-type":"","overlay-color":"","overlay-opacity":"","overlay-gradient":""},"mobile":{"background-color":"var(--ast-global-color-5)","background-image":"","background-repeat":"repeat","background-position":"center center","background-size":"auto","background-attachment":"scroll","background-type":"","background-media":"","overlay-type":"","overlay-color":"","overlay-opacity":"","overlay-gradient":""}},"footnotes":""},"class_list":["post-547","page","type-page","status-publish","hentry"],"_links":{"self":[{"href":"https:\/\/www.teqtoniq.ch\/de\/wp-json\/wp\/v2\/pages\/547","targetHints":{"allow":["GET"]}}],"collection":[{"href":"https:\/\/www.teqtoniq.ch\/de\/wp-json\/wp\/v2\/pages"}],"about":[{"href":"https:\/\/www.teqtoniq.ch\/de\/wp-json\/wp\/v2\/types\/page"}],"author":[{"embeddable":true,"href":"https:\/\/www.teqtoniq.ch\/de\/wp-json\/wp\/v2\/users\/1"}],"replies":[{"embeddable":true,"href":"https:\/\/www.teqtoniq.ch\/de\/wp-json\/wp\/v2\/comments?post=547"}],"version-history":[{"count":49,"href":"https:\/\/www.teqtoniq.ch\/de\/wp-json\/wp\/v2\/pages\/547\/revisions"}],"predecessor-version":[{"id":1587,"href":"https:\/\/www.teqtoniq.ch\/de\/wp-json\/wp\/v2\/pages\/547\/revisions\/1587"}],"wp:attachment":[{"href":"https:\/\/www.teqtoniq.ch\/de\/wp-json\/wp\/v2\/media?parent=547"}],"curies":[{"name":"wp","href":"https:\/\/api.w.org\/{rel}","templated":true}]}}